{"id":279990,"date":"2024-01-05T00:18:45","date_gmt":"2024-01-04T23:18:45","guid":{"rendered":"https:\/\/www.egegaarden.com\/aftryk\/"},"modified":"2026-04-16T19:06:15","modified_gmt":"2026-04-16T17:06:15","slug":"aftryk","status":"publish","type":"page","link":"https:\/\/www.egegaarden.com\/da\/aftryk\/","title":{"rendered":"Aftryk"},"content":{"rendered":"\n<div class=\"et_pb_section_0 et_pb_section et_section_regular et_block_section\"><\/div><div class=\"et_pb_section_1 et_pb_section et_section_regular et_block_section section_has_divider et_pb_bottom_divider\"><div class=\"et_pb_row_0 et_pb_row et_block_row\"><div class=\"et_pb_column_0 et_pb_column et_pb_column_4_4 et-last-child et_block_column et_pb_css_mix_blend_mode_passthrough\"><div class=\"difl_df_adh_heading_0 difl_df_adh_heading et_pb_module\">\n\t\t\t<div class=\"df-heading-container \">\n\t\t\t\t<h3 class=\"df-heading\"><span class=\"prefix  difl_e_clip_pre\">Imp<\/span>  <span class=\"suffix \">Impressum<\/span><\/h3>\n\t\t\t<\/div>\n\t\t<\/div><\/div><\/div><div class=\"et_pb_row_1 et_pb_row et_block_row\"><div class=\"et_pb_column_1 et_pb_column et_pb_column_4_4 et-last-child et_block_column et_pb_css_mix_blend_mode_passthrough\"><div class=\"et_pb_divider_0 et_pb_divider et_pb_space et_pb_divider_position_top et_pb_module\"><div class=\"et_pb_divider_internal\"><\/div><\/div><\/div><\/div><div class=\"et_pb_row_2 et_pb_row et_block_row\"><div class=\"et_pb_column_2 et_pb_column et_pb_column_4_4 et-last-child et_block_column et_pb_css_mix_blend_mode_passthrough\"><div class=\"et_pb_text_0 et_pb_text et_pb_bg_layout_light et_pb_module et_block_module\"><div class=\"et_pb_text_inner\">\n<!-- Legal document generated by Complianz | GDPR\/CCPA Cookie Consent https:\/\/wordpress.org\/plugins\/complianz-gdpr -->\n<div id=\"cmplz-document\" class=\"cmplz-document impressum cmplz-document-all\"><p><i>Dette aftryk blev senest opdateret den 25. marts 2026.<\/i><\/p><p class=\"cmplz-subtitle\">Ejeren af dette websted er:<\/p><p>Egeg\u00e5rden Christina Buchmeier <br>Kastrup Bygade 4, 6510 Gram<br>Danmark<br>E-mail:&nbsp;<span class=\"cmplz-obfuscate\">&#099;h&#114;&#105;s&#116;&#105;n&#097;@<span class=\"cmplz-fmail-domain\">&#101;x&#046;&#099;o&#109;<\/span>e&#103;&#101;ga&#097;&#114;&#100;en&#046;&#099;o&#109;<\/span><br>Telefonnummer: 0045 91199020<br>MOMS-ID:&nbsp;CVR 43554441<\/p><p class=\"cmplz-subtitle\">Den\/de lovlige repr\u00e6sentant(er) for Egeg\u00e5rden Christina Buchmeier :<\/p><p>Christina Alice Buchmeier<\/p><h2>1. Generel<\/h2><p>Vi er ikke villige eller forpligtede til at deltage i tvistbil\u00e6ggelsesprocedurer ved et forbrugervoldgiftsn\u00e6vn.<\/p><h2>2. F\u00f8lgende oplysninger er obligatoriske i henhold til tysk lov.<\/h2><\/div>\n<\/div><\/div><div class=\"et_pb_text_1 et_pb_text et_pb_bg_layout_light et_pb_module et_block_module\"><div class=\"et_pb_text_inner\"><h2>Ansvarsfraskrivelse<\/h2>\n<\/div><\/div><div class=\"et_pb_text_2 et_pb_text et_pb_bg_layout_light et_pb_module et_block_module\"><div class=\"et_pb_text_inner\">\n<!-- Legal document generated by Complianz | GDPR\/CCPA Cookie Consent https:\/\/wordpress.org\/plugins\/complianz-gdpr -->\n<div id=\"cmplz-document\" class=\"cmplz-document disclaimer cmplz-document-all\"><p>Egeg\u00e5rden Christina Buchmeier er forpligtet til at holde dette websted opdateret og indholdet korrekt. Skulle du mod forventning finde noget, der enten ikke er korrekt eller ikke opdateret, vil vi s\u00e6tte stor pris p\u00e5, om du informerer os. Indiker gerne. hvor p\u00e5 siden du fandt informationen, der b\u00f8r rettes. Vi kigger p\u00e5 det s\u00e5 hurtigt som muligt. Du kan kontakte os p\u00e5: <span class=\"cmplz-obfuscate\">&#099;&#104;ri&#115;&#116;in&#097;@<span class=\"cmplz-fmail-domain\">e&#120;&#046;c&#111;&#109;<\/span>e&#103;e&#103;a&#097;&#114;&#100;en&#046;com<\/span>.<\/p><p>Vi er ikke ansvarlig for tab som f\u00f8lge af un\u00f8jagtigheder eller ufuldst\u00e6ndighed eller for tab som f\u00f8lge af problemer for\u00e5rsaget af eller iboende ved formidling af information via internettet, s\u00e5som forstyrrelser eller afbrydelser. Ved brug af webformularer str\u00e6ber vi efter at begr\u00e6nse antallet af kr\u00e6vede felter til et minimum. For ethvert tab, der er lidt som f\u00f8lge af brugen af \u200b\u200bdata, r\u00e5dgivning eller ideer leveret af eller p\u00e5 vegne af Egeg\u00e5rden Christina Buchmeier via dette websted,Egeg\u00e5rden Christina Buchmeier accepterer intet ansvar.<\/p><p>Alle personlige data, du leverer os i forbindelse med dit svar eller anmodning om information, vil kun blive brugt i overensstemmelse med vores fortrolighedserkl\u00e6ring.<\/p><p>Egeg\u00e5rden Christina Buchmeier skal g\u00f8re enhver rimelig indsats for at beskytte dets systemer mod enhver form for ulovlig brug. Egeg\u00e5rden Christina Buchmeier skal iv\u00e6rks\u00e6tte passende tekniske og organisatoriske foranstaltninger med henblik herp\u00e5 under hensyntagen til blandt andet den kendte teknik. Det er dog ikke ansvarligt for noget tab, direkte og \/ eller indirekte, som en bruger af webstedet har lidt, hvilket opst\u00e5r som f\u00f8lge af en tredjelands ulovlige brug af dets systemer.<\/p><p>Egeg\u00e5rden Christina Buchmeier har ikke noget ansvar for indholdet p\u00e5 websteder til eller fra hvilke, der laves links eller referencer. Produkter eller ydelser, der udbydes af tredjepart, er underlagt de vilk\u00e5r og betingelser, som tredjepart angiver.<\/p><p>Alle intellektuelle ejendomsrettigheder til indhold p\u00e5 dette websted tilfalder Egeg\u00e5rden Christina Buchmeier.<\/p><p>Kopiering, formidling og anden brug af disse materialer er ikke tilladt uden skriftlig tilladelse fra Egeg\u00e5rden Christina Buchmeier, undtagen og kun i det omfang det ellers er fastsat i forordninger eller lov (som f.eks. Retten til at citere), medmindre det specifikke indhold tilsiger noget andet.<\/p><p>Hvis du har sp\u00f8rgsm\u00e5l eller problemer med tilg\u00e6ngeligheden af \u200b\u200bwebstedet, s\u00e5 t\u00f8v ikke med at kontakte os.<\/p><\/div>\n<\/div><\/div><\/div><\/div><div class=\"et_pb_bottom_inside_divider et-no-transition\"><\/div><\/div>\n","protected":false},"excerpt":{"rendered":"","protected":false},"author":1,"featured_media":0,"parent":0,"menu_order":0,"comment_status":"closed","ping_status":"closed","template":"","meta":{"footnotes":""},"difl_page_category":[],"class_list":["post-279990","page","type-page","status-publish","hentry"],"_links":{"self":[{"href":"https:\/\/www.egegaarden.com\/da\/wp-json\/wp\/v2\/pages\/279990","targetHints":{"allow":["GET"]}}],"collection":[{"href":"https:\/\/www.egegaarden.com\/da\/wp-json\/wp\/v2\/pages"}],"about":[{"href":"https:\/\/www.egegaarden.com\/da\/wp-json\/wp\/v2\/types\/page"}],"author":[{"embeddable":true,"href":"https:\/\/www.egegaarden.com\/da\/wp-json\/wp\/v2\/users\/1"}],"replies":[{"embeddable":true,"href":"https:\/\/www.egegaarden.com\/da\/wp-json\/wp\/v2\/comments?post=279990"}],"version-history":[{"count":0,"href":"https:\/\/www.egegaarden.com\/da\/wp-json\/wp\/v2\/pages\/279990\/revisions"}],"wp:attachment":[{"href":"https:\/\/www.egegaarden.com\/da\/wp-json\/wp\/v2\/media?parent=279990"}],"wp:term":[{"taxonomy":"difl_page_category","embeddable":true,"href":"https:\/\/www.egegaarden.com\/da\/wp-json\/wp\/v2\/difl_page_category?post=279990"}],"curies":[{"name":"wp","href":"https:\/\/api.w.org\/{rel}","templated":true}]}}